{"id":33,"date":"2025-06-28T12:44:10","date_gmt":"2025-06-28T10:44:10","guid":{"rendered":"https:\/\/wp9.abecedapc.com\/?page_id=33"},"modified":"2025-06-28T12:44:52","modified_gmt":"2025-06-28T10:44:52","slug":"bez-nazvu","status":"publish","type":"page","link":"https:\/\/wp9.abecedapc.com\/?page_id=33","title":{"rendered":"Strana 4 &#8211; Beaver Builder"},"content":{"rendered":"\n\n\t\t\t\t<img decoding=\"async\" src=\"http:\/\/wp9.abecedapc.com\/wp-content\/uploads\/2025\/06\/images.png\" alt=\"images\" itemprop=\"image\" title=\"images\" onerror=\"this.style.display='none'\" loading='lazy' \/>\n\n","protected":false},"excerpt":{"rendered":"","protected":false},"author":1,"featured_media":0,"parent":0,"menu_order":0,"comment_status":"closed","ping_status":"closed","template":"","meta":{"footnotes":""},"class_list":["post-33","page","type-page","status-publish","hentry"],"yoast_head":"<!-- This site is optimized with the Yoast SEO plugin v25.3.1 - https:\/\/yoast.com\/wordpress\/plugins\/seo\/ -->\n<title>Strana 4 - Beaver Builder - \u0160kolen\u00ed - pokro\u010dil\u00e9<\/title>\n<meta name=\"robots\" content=\"index, follow, max-snippet:-1, max-image-preview:large, max-video-preview:-1\" \/>\n<link rel=\"canonical\" href=\"https:\/\/wp9.abecedapc.com\/?page_id=33\" \/>\n<meta property=\"og:locale\" content=\"cs_CZ\" \/>\n<meta property=\"og:type\" content=\"article\" \/>\n<meta property=\"og:title\" content=\"Strana 4 - Beaver Builder - \u0160kolen\u00ed - pokro\u010dil\u00e9\" \/>\n<meta property=\"og:url\" content=\"https:\/\/wp9.abecedapc.com\/?page_id=33\" \/>\n<meta property=\"og:site_name\" content=\"\u0160kolen\u00ed - pokro\u010dil\u00e9\" \/>\n<meta property=\"article:modified_time\" content=\"2025-06-28T10:44:52+00:00\" \/>\n<meta property=\"og:image\" content=\"http:\/\/wp9.abecedapc.com\/wp-content\/uploads\/2025\/06\/images.png\" \/>\n<meta name=\"twitter:card\" content=\"summary_large_image\" \/>\n<script type=\"application\/ld+json\" class=\"yoast-schema-graph\">{\"@context\":\"https:\/\/schema.org\",\"@graph\":[{\"@type\":\"WebPage\",\"@id\":\"https:\/\/wp9.abecedapc.com\/?page_id=33\",\"url\":\"https:\/\/wp9.abecedapc.com\/?page_id=33\",\"name\":\"Strana 4 - Beaver Builder - \u0160kolen\u00ed - pokro\u010dil\u00e9\",\"isPartOf\":{\"@id\":\"https:\/\/wp9.abecedapc.com\/#website\"},\"primaryImageOfPage\":{\"@id\":\"https:\/\/wp9.abecedapc.com\/?page_id=33#primaryimage\"},\"image\":{\"@id\":\"https:\/\/wp9.abecedapc.com\/?page_id=33#primaryimage\"},\"thumbnailUrl\":\"http:\/\/wp9.abecedapc.com\/wp-content\/uploads\/2025\/06\/images.png\",\"datePublished\":\"2025-06-28T10:44:10+00:00\",\"dateModified\":\"2025-06-28T10:44:52+00:00\",\"breadcrumb\":{\"@id\":\"https:\/\/wp9.abecedapc.com\/?page_id=33#breadcrumb\"},\"inLanguage\":\"cs\",\"potentialAction\":[{\"@type\":\"ReadAction\",\"target\":[\"https:\/\/wp9.abecedapc.com\/?page_id=33\"]}]},{\"@type\":\"ImageObject\",\"inLanguage\":\"cs\",\"@id\":\"https:\/\/wp9.abecedapc.com\/?page_id=33#primaryimage\",\"url\":\"https:\/\/wp9.abecedapc.com\/wp-content\/uploads\/2025\/06\/images.png\",\"contentUrl\":\"https:\/\/wp9.abecedapc.com\/wp-content\/uploads\/2025\/06\/images.png\",\"width\":170,\"height\":170},{\"@type\":\"BreadcrumbList\",\"@id\":\"https:\/\/wp9.abecedapc.com\/?page_id=33#breadcrumb\",\"itemListElement\":[{\"@type\":\"ListItem\",\"position\":1,\"name\":\"Dom\u016f\",\"item\":\"https:\/\/wp9.abecedapc.com\/\"},{\"@type\":\"ListItem\",\"position\":2,\"name\":\"Strana 4 &#8211; Beaver Builder\"}]},{\"@type\":\"WebSite\",\"@id\":\"https:\/\/wp9.abecedapc.com\/#website\",\"url\":\"https:\/\/wp9.abecedapc.com\/\",\"name\":\"\u0160kolen\u00ed - pokro\u010dil\u00e9\",\"description\":\"Toto je uk\u00e1zkov\u00fd web p\u0159i pokro\u010dil\u00e9m \u0161kolen\u00ed redak\u010dn\u00edch syst\u00e9m\u016f.\",\"publisher\":{\"@id\":\"https:\/\/wp9.abecedapc.com\/#organization\"},\"potentialAction\":[{\"@type\":\"SearchAction\",\"target\":{\"@type\":\"EntryPoint\",\"urlTemplate\":\"https:\/\/wp9.abecedapc.com\/?s={search_term_string}\"},\"query-input\":{\"@type\":\"PropertyValueSpecification\",\"valueRequired\":true,\"valueName\":\"search_term_string\"}}],\"inLanguage\":\"cs\"},{\"@type\":\"Organization\",\"@id\":\"https:\/\/wp9.abecedapc.com\/#organization\",\"name\":\"\u0160kolen\u00ed - pokro\u010dil\u00e9\",\"url\":\"https:\/\/wp9.abecedapc.com\/\",\"logo\":{\"@type\":\"ImageObject\",\"inLanguage\":\"cs\",\"@id\":\"https:\/\/wp9.abecedapc.com\/#\/schema\/logo\/image\/\",\"url\":\"https:\/\/wp9.abecedapc.com\/wp-content\/uploads\/2025\/06\/cropped-images.png\",\"contentUrl\":\"https:\/\/wp9.abecedapc.com\/wp-content\/uploads\/2025\/06\/cropped-images.png\",\"width\":512,\"height\":512,\"caption\":\"\u0160kolen\u00ed - pokro\u010dil\u00e9\"},\"image\":{\"@id\":\"https:\/\/wp9.abecedapc.com\/#\/schema\/logo\/image\/\"}}]}<\/script>\n<!-- \/ Yoast SEO plugin. -->","yoast_head_json":{"title":"Strana 4 - Beaver Builder - \u0160kolen\u00ed - pokro\u010dil\u00e9","robots":{"index":"index","follow":"follow","max-snippet":"max-snippet:-1","max-image-preview":"max-image-preview:large","max-video-preview":"max-video-preview:-1"},"canonical":"https:\/\/wp9.abecedapc.com\/?page_id=33","og_locale":"cs_CZ","og_type":"article","og_title":"Strana 4 - Beaver Builder - \u0160kolen\u00ed - pokro\u010dil\u00e9","og_url":"https:\/\/wp9.abecedapc.com\/?page_id=33","og_site_name":"\u0160kolen\u00ed - pokro\u010dil\u00e9","article_modified_time":"2025-06-28T10:44:52+00:00","og_image":[{"url":"http:\/\/wp9.abecedapc.com\/wp-content\/uploads\/2025\/06\/images.png","type":"","width":"","height":""}],"twitter_card":"summary_large_image","schema":{"@context":"https:\/\/schema.org","@graph":[{"@type":"WebPage","@id":"https:\/\/wp9.abecedapc.com\/?page_id=33","url":"https:\/\/wp9.abecedapc.com\/?page_id=33","name":"Strana 4 - Beaver Builder - \u0160kolen\u00ed - pokro\u010dil\u00e9","isPartOf":{"@id":"https:\/\/wp9.abecedapc.com\/#website"},"primaryImageOfPage":{"@id":"https:\/\/wp9.abecedapc.com\/?page_id=33#primaryimage"},"image":{"@id":"https:\/\/wp9.abecedapc.com\/?page_id=33#primaryimage"},"thumbnailUrl":"http:\/\/wp9.abecedapc.com\/wp-content\/uploads\/2025\/06\/images.png","datePublished":"2025-06-28T10:44:10+00:00","dateModified":"2025-06-28T10:44:52+00:00","breadcrumb":{"@id":"https:\/\/wp9.abecedapc.com\/?page_id=33#breadcrumb"},"inLanguage":"cs","potentialAction":[{"@type":"ReadAction","target":["https:\/\/wp9.abecedapc.com\/?page_id=33"]}]},{"@type":"ImageObject","inLanguage":"cs","@id":"https:\/\/wp9.abecedapc.com\/?page_id=33#primaryimage","url":"https:\/\/wp9.abecedapc.com\/wp-content\/uploads\/2025\/06\/images.png","contentUrl":"https:\/\/wp9.abecedapc.com\/wp-content\/uploads\/2025\/06\/images.png","width":170,"height":170},{"@type":"BreadcrumbList","@id":"https:\/\/wp9.abecedapc.com\/?page_id=33#breadcrumb","itemListElement":[{"@type":"ListItem","position":1,"name":"Dom\u016f","item":"https:\/\/wp9.abecedapc.com\/"},{"@type":"ListItem","position":2,"name":"Strana 4 &#8211; Beaver Builder"}]},{"@type":"WebSite","@id":"https:\/\/wp9.abecedapc.com\/#website","url":"https:\/\/wp9.abecedapc.com\/","name":"\u0160kolen\u00ed - pokro\u010dil\u00e9","description":"Toto je uk\u00e1zkov\u00fd web p\u0159i pokro\u010dil\u00e9m \u0161kolen\u00ed redak\u010dn\u00edch syst\u00e9m\u016f.","publisher":{"@id":"https:\/\/wp9.abecedapc.com\/#organization"},"potentialAction":[{"@type":"SearchAction","target":{"@type":"EntryPoint","urlTemplate":"https:\/\/wp9.abecedapc.com\/?s={search_term_string}"},"query-input":{"@type":"PropertyValueSpecification","valueRequired":true,"valueName":"search_term_string"}}],"inLanguage":"cs"},{"@type":"Organization","@id":"https:\/\/wp9.abecedapc.com\/#organization","name":"\u0160kolen\u00ed - pokro\u010dil\u00e9","url":"https:\/\/wp9.abecedapc.com\/","logo":{"@type":"ImageObject","inLanguage":"cs","@id":"https:\/\/wp9.abecedapc.com\/#\/schema\/logo\/image\/","url":"https:\/\/wp9.abecedapc.com\/wp-content\/uploads\/2025\/06\/cropped-images.png","contentUrl":"https:\/\/wp9.abecedapc.com\/wp-content\/uploads\/2025\/06\/cropped-images.png","width":512,"height":512,"caption":"\u0160kolen\u00ed - pokro\u010dil\u00e9"},"image":{"@id":"https:\/\/wp9.abecedapc.com\/#\/schema\/logo\/image\/"}}]}},"_links":{"self":[{"href":"https:\/\/wp9.abecedapc.com\/index.php?rest_route=\/wp\/v2\/pages\/33","targetHints":{"allow":["GET"]}}],"collection":[{"href":"https:\/\/wp9.abecedapc.com\/index.php?rest_route=\/wp\/v2\/pages"}],"about":[{"href":"https:\/\/wp9.abecedapc.com\/index.php?rest_route=\/wp\/v2\/types\/page"}],"author":[{"embeddable":true,"href":"https:\/\/wp9.abecedapc.com\/index.php?rest_route=\/wp\/v2\/users\/1"}],"replies":[{"embeddable":true,"href":"https:\/\/wp9.abecedapc.com\/index.php?rest_route=%2Fwp%2Fv2%2Fcomments&post=33"}],"version-history":[{"count":3,"href":"https:\/\/wp9.abecedapc.com\/index.php?rest_route=\/wp\/v2\/pages\/33\/revisions"}],"predecessor-version":[{"id":37,"href":"https:\/\/wp9.abecedapc.com\/index.php?rest_route=\/wp\/v2\/pages\/33\/revisions\/37"}],"wp:attachment":[{"href":"https:\/\/wp9.abecedapc.com\/index.php?rest_route=%2Fwp%2Fv2%2Fmedia&parent=33"}],"curies":[{"name":"wp","href":"https:\/\/api.w.org\/{rel}","templated":true}]}}