{"id":45,"date":"2025-06-28T14:45:06","date_gmt":"2025-06-28T12:45:06","guid":{"rendered":"https:\/\/wp9.abecedapc.com\/?page_id=45"},"modified":"2025-06-29T14:41:12","modified_gmt":"2025-06-29T12:41:12","slug":"aktuality","status":"publish","type":"page","link":"https:\/\/wp9.abecedapc.com\/?page_id=45","title":{"rendered":"Aktuality"},"content":{"rendered":"<ul class=\"wp-block-latest-posts__list has-dates has-author animated zoomIn wp-block-latest-posts\"><li><a class=\"wp-block-latest-posts__post-title\" href=\"https:\/\/wp9.abecedapc.com\/?p=56\">P\u0159\u00edsp\u011bvek u\u017eivatele 2<\/a><div class=\"wp-block-latest-posts__post-author\">Autor: uzivatel2<\/div><time datetime=\"2025-06-29T11:22:33+02:00\" class=\"wp-block-latest-posts__post-date\">29. 6. 2025<\/time><div class=\"wp-block-latest-posts__post-excerpt\"><p>\u00da\u017easn\u00e9 pov\u00edd\u00e1n\u00ed&#8230;<\/p>\n<\/div><\/li>\n<li><a class=\"wp-block-latest-posts__post-title\" href=\"https:\/\/wp9.abecedapc.com\/?p=48\">Nejnov\u011bj\u0161\u00ed zpr\u00e1va<\/a><div class=\"wp-block-latest-posts__post-author\">Autor: wp9abeceda<\/div><time datetime=\"2025-06-29T09:31:45+02:00\" class=\"wp-block-latest-posts__post-date\">29. 6. 2025<\/time><div class=\"wp-block-latest-posts__post-excerpt\">N\u011bco&#8230;<\/div><\/li>\n<li><a class=\"wp-block-latest-posts__post-title\" href=\"https:\/\/wp9.abecedapc.com\/?p=43\">Novinky<\/a><div class=\"wp-block-latest-posts__post-author\">Autor: wp9abeceda<\/div><time datetime=\"2025-06-28T14:35:42+02:00\" class=\"wp-block-latest-posts__post-date\">28. 6. 2025<\/time><div class=\"wp-block-latest-posts__post-excerpt\">Informujeme v\u00e1s&#8230;<\/div><\/li>\n<li><a class=\"wp-block-latest-posts__post-title\" href=\"https:\/\/wp9.abecedapc.com\/?p=41\">Den otev\u0159en\u00fdch dve\u0159\u00ed<\/a><div class=\"wp-block-latest-posts__post-author\">Autor: wp9abeceda<\/div><time datetime=\"2025-06-28T14:34:49+02:00\" class=\"wp-block-latest-posts__post-date\">28. 6. 2025<\/time><div class=\"wp-block-latest-posts__post-excerpt\">Zveme v\u00e1s&#8230;<\/div><\/li>\n<li><a class=\"wp-block-latest-posts__post-title\" href=\"https:\/\/wp9.abecedapc.com\/?p=39\">Zm\u011bna otev\u00edrac\u00ed doby<\/a><div class=\"wp-block-latest-posts__post-author\">Autor: wp9abeceda<\/div><time datetime=\"2025-06-28T14:33:51+02:00\" class=\"wp-block-latest-posts__post-date\">28. 6. 2025<\/time><div class=\"wp-block-latest-posts__post-excerpt\">Pozor!<\/div><\/li>\n<\/ul>\n\n\n<div class=\"wp-block-contact-form-7-contact-form-selector animated flipInX\">\n<div class=\"wpcf7 no-js\" id=\"wpcf7-f61-o1\" lang=\"cs-CZ\" dir=\"ltr\" data-wpcf7-id=\"61\">\n<div class=\"screen-reader-response\"><p role=\"status\" aria-live=\"polite\" aria-atomic=\"true\"><\/p> <ul><\/ul><\/div>\n<form action=\"\/index.php?rest_route=%2Fwp%2Fv2%2Fpages%2F45#wpcf7-f61-o1\" method=\"post\" class=\"wpcf7-form init\" aria-label=\"Kontaktn\u00ed formul\u00e1\u0159\" novalidate=\"novalidate\" data-status=\"init\">\n<fieldset class=\"hidden-fields-container\"><input type=\"hidden\" name=\"_wpcf7\" value=\"61\" \/><input type=\"hidden\" name=\"_wpcf7_version\" value=\"6.1\" \/><input type=\"hidden\" name=\"_wpcf7_locale\" value=\"cs_CZ\" \/><input type=\"hidden\" name=\"_wpcf7_unit_tag\" value=\"wpcf7-f61-o1\" \/><input type=\"hidden\" name=\"_wpcf7_container_post\" value=\"0\" \/><input type=\"hidden\" name=\"_wpcf7_posted_data_hash\" value=\"\" \/>\n<\/fieldset>\n<p><label> Va\u0161e jm\u00e9no<br \/>\n<span class=\"wpcf7-form-control-wrap\" data-name=\"your-name\"><input size=\"40\" maxlength=\"400\" class=\"wpcf7-form-control wpcf7-text wpcf7-validates-as-required\" autocomplete=\"name\" aria-required=\"true\" aria-invalid=\"false\" value=\"\" type=\"text\" name=\"your-name\" \/><\/span> <\/label>\n<\/p>\n<p><label> V\u00e1\u0161 e-mail<br \/>\n<span class=\"wpcf7-form-control-wrap\" data-name=\"your-email\"><input size=\"40\" maxlength=\"400\" class=\"wpcf7-form-control wpcf7-email wpcf7-validates-as-required wpcf7-text wpcf7-validates-as-email\" autocomplete=\"email\" aria-required=\"true\" aria-invalid=\"false\" value=\"\" type=\"email\" name=\"your-email\" \/><\/span> <\/label>\n<\/p>\n<p><label> V\u00e1\u0161 telefon<br \/>\n<span class=\"wpcf7-form-control-wrap\" data-name=\"tel-36\"><input size=\"40\" maxlength=\"400\" class=\"wpcf7-form-control wpcf7-tel wpcf7-text wpcf7-validates-as-tel\" aria-invalid=\"false\" value=\"\" type=\"tel\" name=\"tel-36\" \/><\/span> <\/label>\n<\/p>\n<p><span class=\"wpcf7-form-control-wrap\" data-name=\"select-120\"><select class=\"wpcf7-form-control wpcf7-select wpcf7-validates-as-required\" aria-required=\"true\" aria-invalid=\"false\" name=\"select-120\"><option value=\"Popt\u00e1vka\">Popt\u00e1vka<\/option><option value=\"Reklamace\">Reklamace<\/option><option value=\"Dotaz\">Dotaz<\/option><\/select><\/span>\n<\/p>\n<p><label> P\u0159edm\u011bt<br \/>\n<span class=\"wpcf7-form-control-wrap\" data-name=\"your-subject\"><input size=\"40\" maxlength=\"400\" class=\"wpcf7-form-control wpcf7-text wpcf7-validates-as-required\" aria-required=\"true\" aria-invalid=\"false\" value=\"\" type=\"text\" name=\"your-subject\" \/><\/span> <\/label>\n<\/p>\n<p><label> Va\u0161e zpr\u00e1va (voliteln\u00fd)<br \/>\n<span class=\"wpcf7-form-control-wrap\" data-name=\"your-message\"><textarea cols=\"40\" rows=\"10\" maxlength=\"2000\" class=\"wpcf7-form-control wpcf7-textarea\" aria-invalid=\"false\" name=\"your-message\"><\/textarea><\/span> <\/label>\n<\/p>\n<p><input class=\"wpcf7-form-control wpcf7-submit has-spinner\" type=\"submit\" value=\"Odeslat\" \/>\n<\/p><div class=\"wpcf7-response-output\" aria-hidden=\"true\"><\/div>\n<\/form>\n<\/div>\n<\/div>\n\n\n\n<h2 class=\"wp-block-heading muj-zeleny-nadpis\">Zkou\u0161ka<\/h2>\n\n\n\n<h1 class=\"wp-block-heading\">Nadpis prvn\u00ed sekce<\/h1>\n\n\n\n<figure class=\"wp-block-image\"><img decoding=\"async\" src=\"obrazek1.jpg\" alt=\"Popis obr\u00e1zku 1\"\/><\/figure>\n\n\n\n<p><\/p>\n\n\n\n<p>Popisek k prvn\u00edmu obr\u00e1zku. Tento obr\u00e1zek zn\u00e1zor\u0148uje prvn\u00ed \u010d\u00e1st t\u00e9matu.<\/p>\n\n\n\n<h1 class=\"wp-block-heading\">Nadpis druh\u00e9 sekce<\/h1>\n\n\n\n<figure class=\"wp-block-image\"><img decoding=\"async\" src=\"obrazek2.jpg\" alt=\"Popis obr\u00e1zku 2\"\/><\/figure>\n\n\n\n<p><\/p>\n\n\n\n<p>Popisek ke druh\u00e9mu obr\u00e1zku. Tento obr\u00e1zek ilustruje pokra\u010dov\u00e1n\u00ed nebo jin\u00fd pohled.<\/p>\n\n\n\n<p><\/p>\n","protected":false},"excerpt":{"rendered":"<p>Zkou\u0161ka Nadpis prvn\u00ed sekce Popisek k prvn\u00edmu obr\u00e1zku. Tento obr\u00e1zek zn\u00e1zor\u0148uje prvn\u00ed \u010d\u00e1st t\u00e9matu. Nadpis druh\u00e9 sekce Popisek ke druh\u00e9mu obr\u00e1zku. Tento obr\u00e1zek ilustruje pokra\u010dov\u00e1n\u00ed nebo jin\u00fd pohled.<\/p>\n","protected":false},"author":1,"featured_media":0,"parent":0,"menu_order":0,"comment_status":"closed","ping_status":"closed","template":"","meta":{"footnotes":""},"class_list":["post-45","page","type-page","status-publish","hentry"],"yoast_head":"<!-- This site is optimized with the Yoast SEO plugin v25.3.1 - https:\/\/yoast.com\/wordpress\/plugins\/seo\/ -->\n<title>Aktuality - \u0160kolen\u00ed - pokro\u010dil\u00e9<\/title>\n<meta name=\"robots\" content=\"index, follow, max-snippet:-1, max-image-preview:large, max-video-preview:-1\" \/>\n<link rel=\"canonical\" href=\"https:\/\/wp9.abecedapc.com\/?page_id=45\" \/>\n<meta property=\"og:locale\" content=\"cs_CZ\" \/>\n<meta property=\"og:type\" content=\"article\" \/>\n<meta property=\"og:title\" content=\"Aktuality - \u0160kolen\u00ed - pokro\u010dil\u00e9\" \/>\n<meta property=\"og:description\" content=\"Zkou\u0161ka Nadpis prvn\u00ed sekce Popisek k prvn\u00edmu obr\u00e1zku. Tento obr\u00e1zek zn\u00e1zor\u0148uje prvn\u00ed \u010d\u00e1st t\u00e9matu. Nadpis druh\u00e9 sekce Popisek ke druh\u00e9mu obr\u00e1zku. Tento obr\u00e1zek ilustruje pokra\u010dov\u00e1n\u00ed nebo jin\u00fd pohled.\" \/>\n<meta property=\"og:url\" content=\"https:\/\/wp9.abecedapc.com\/?page_id=45\" \/>\n<meta property=\"og:site_name\" content=\"\u0160kolen\u00ed - pokro\u010dil\u00e9\" \/>\n<meta property=\"article:modified_time\" content=\"2025-06-29T12:41:12+00:00\" \/>\n<meta name=\"twitter:card\" content=\"summary_large_image\" \/>\n<meta name=\"twitter:label1\" content=\"Odhadovan\u00e1 doba \u010dten\u00ed\" \/>\n\t<meta name=\"twitter:data1\" content=\"1 minuta\" \/>\n<script type=\"application\/ld+json\" class=\"yoast-schema-graph\">{\"@context\":\"https:\/\/schema.org\",\"@graph\":[{\"@type\":\"WebPage\",\"@id\":\"https:\/\/wp9.abecedapc.com\/?page_id=45\",\"url\":\"https:\/\/wp9.abecedapc.com\/?page_id=45\",\"name\":\"Aktuality - \u0160kolen\u00ed - pokro\u010dil\u00e9\",\"isPartOf\":{\"@id\":\"https:\/\/wp9.abecedapc.com\/#website\"},\"datePublished\":\"2025-06-28T12:45:06+00:00\",\"dateModified\":\"2025-06-29T12:41:12+00:00\",\"breadcrumb\":{\"@id\":\"https:\/\/wp9.abecedapc.com\/?page_id=45#breadcrumb\"},\"inLanguage\":\"cs\",\"potentialAction\":[{\"@type\":\"ReadAction\",\"target\":[\"https:\/\/wp9.abecedapc.com\/?page_id=45\"]}]},{\"@type\":\"BreadcrumbList\",\"@id\":\"https:\/\/wp9.abecedapc.com\/?page_id=45#breadcrumb\",\"itemListElement\":[{\"@type\":\"ListItem\",\"position\":1,\"name\":\"Dom\u016f\",\"item\":\"https:\/\/wp9.abecedapc.com\/\"},{\"@type\":\"ListItem\",\"position\":2,\"name\":\"Aktuality\"}]},{\"@type\":\"WebSite\",\"@id\":\"https:\/\/wp9.abecedapc.com\/#website\",\"url\":\"https:\/\/wp9.abecedapc.com\/\",\"name\":\"\u0160kolen\u00ed - pokro\u010dil\u00e9\",\"description\":\"Toto je uk\u00e1zkov\u00fd web p\u0159i pokro\u010dil\u00e9m \u0161kolen\u00ed redak\u010dn\u00edch syst\u00e9m\u016f.\",\"publisher\":{\"@id\":\"https:\/\/wp9.abecedapc.com\/#organization\"},\"potentialAction\":[{\"@type\":\"SearchAction\",\"target\":{\"@type\":\"EntryPoint\",\"urlTemplate\":\"https:\/\/wp9.abecedapc.com\/?s={search_term_string}\"},\"query-input\":{\"@type\":\"PropertyValueSpecification\",\"valueRequired\":true,\"valueName\":\"search_term_string\"}}],\"inLanguage\":\"cs\"},{\"@type\":\"Organization\",\"@id\":\"https:\/\/wp9.abecedapc.com\/#organization\",\"name\":\"\u0160kolen\u00ed - pokro\u010dil\u00e9\",\"url\":\"https:\/\/wp9.abecedapc.com\/\",\"logo\":{\"@type\":\"ImageObject\",\"inLanguage\":\"cs\",\"@id\":\"https:\/\/wp9.abecedapc.com\/#\/schema\/logo\/image\/\",\"url\":\"https:\/\/wp9.abecedapc.com\/wp-content\/uploads\/2025\/06\/cropped-images.png\",\"contentUrl\":\"https:\/\/wp9.abecedapc.com\/wp-content\/uploads\/2025\/06\/cropped-images.png\",\"width\":512,\"height\":512,\"caption\":\"\u0160kolen\u00ed - pokro\u010dil\u00e9\"},\"image\":{\"@id\":\"https:\/\/wp9.abecedapc.com\/#\/schema\/logo\/image\/\"}}]}<\/script>\n<!-- \/ Yoast SEO plugin. -->","yoast_head_json":{"title":"Aktuality - \u0160kolen\u00ed - pokro\u010dil\u00e9","robots":{"index":"index","follow":"follow","max-snippet":"max-snippet:-1","max-image-preview":"max-image-preview:large","max-video-preview":"max-video-preview:-1"},"canonical":"https:\/\/wp9.abecedapc.com\/?page_id=45","og_locale":"cs_CZ","og_type":"article","og_title":"Aktuality - \u0160kolen\u00ed - pokro\u010dil\u00e9","og_description":"Zkou\u0161ka Nadpis prvn\u00ed sekce Popisek k prvn\u00edmu obr\u00e1zku. Tento obr\u00e1zek zn\u00e1zor\u0148uje prvn\u00ed \u010d\u00e1st t\u00e9matu. Nadpis druh\u00e9 sekce Popisek ke druh\u00e9mu obr\u00e1zku. Tento obr\u00e1zek ilustruje pokra\u010dov\u00e1n\u00ed nebo jin\u00fd pohled.","og_url":"https:\/\/wp9.abecedapc.com\/?page_id=45","og_site_name":"\u0160kolen\u00ed - pokro\u010dil\u00e9","article_modified_time":"2025-06-29T12:41:12+00:00","twitter_card":"summary_large_image","twitter_misc":{"Odhadovan\u00e1 doba \u010dten\u00ed":"1 minuta"},"schema":{"@context":"https:\/\/schema.org","@graph":[{"@type":"WebPage","@id":"https:\/\/wp9.abecedapc.com\/?page_id=45","url":"https:\/\/wp9.abecedapc.com\/?page_id=45","name":"Aktuality - \u0160kolen\u00ed - pokro\u010dil\u00e9","isPartOf":{"@id":"https:\/\/wp9.abecedapc.com\/#website"},"datePublished":"2025-06-28T12:45:06+00:00","dateModified":"2025-06-29T12:41:12+00:00","breadcrumb":{"@id":"https:\/\/wp9.abecedapc.com\/?page_id=45#breadcrumb"},"inLanguage":"cs","potentialAction":[{"@type":"ReadAction","target":["https:\/\/wp9.abecedapc.com\/?page_id=45"]}]},{"@type":"BreadcrumbList","@id":"https:\/\/wp9.abecedapc.com\/?page_id=45#breadcrumb","itemListElement":[{"@type":"ListItem","position":1,"name":"Dom\u016f","item":"https:\/\/wp9.abecedapc.com\/"},{"@type":"ListItem","position":2,"name":"Aktuality"}]},{"@type":"WebSite","@id":"https:\/\/wp9.abecedapc.com\/#website","url":"https:\/\/wp9.abecedapc.com\/","name":"\u0160kolen\u00ed - pokro\u010dil\u00e9","description":"Toto je uk\u00e1zkov\u00fd web p\u0159i pokro\u010dil\u00e9m \u0161kolen\u00ed redak\u010dn\u00edch syst\u00e9m\u016f.","publisher":{"@id":"https:\/\/wp9.abecedapc.com\/#organization"},"potentialAction":[{"@type":"SearchAction","target":{"@type":"EntryPoint","urlTemplate":"https:\/\/wp9.abecedapc.com\/?s={search_term_string}"},"query-input":{"@type":"PropertyValueSpecification","valueRequired":true,"valueName":"search_term_string"}}],"inLanguage":"cs"},{"@type":"Organization","@id":"https:\/\/wp9.abecedapc.com\/#organization","name":"\u0160kolen\u00ed - pokro\u010dil\u00e9","url":"https:\/\/wp9.abecedapc.com\/","logo":{"@type":"ImageObject","inLanguage":"cs","@id":"https:\/\/wp9.abecedapc.com\/#\/schema\/logo\/image\/","url":"https:\/\/wp9.abecedapc.com\/wp-content\/uploads\/2025\/06\/cropped-images.png","contentUrl":"https:\/\/wp9.abecedapc.com\/wp-content\/uploads\/2025\/06\/cropped-images.png","width":512,"height":512,"caption":"\u0160kolen\u00ed - pokro\u010dil\u00e9"},"image":{"@id":"https:\/\/wp9.abecedapc.com\/#\/schema\/logo\/image\/"}}]}},"_links":{"self":[{"href":"https:\/\/wp9.abecedapc.com\/index.php?rest_route=\/wp\/v2\/pages\/45","targetHints":{"allow":["GET"]}}],"collection":[{"href":"https:\/\/wp9.abecedapc.com\/index.php?rest_route=\/wp\/v2\/pages"}],"about":[{"href":"https:\/\/wp9.abecedapc.com\/index.php?rest_route=\/wp\/v2\/types\/page"}],"author":[{"embeddable":true,"href":"https:\/\/wp9.abecedapc.com\/index.php?rest_route=\/wp\/v2\/users\/1"}],"replies":[{"embeddable":true,"href":"https:\/\/wp9.abecedapc.com\/index.php?rest_route=%2Fwp%2Fv2%2Fcomments&post=45"}],"version-history":[{"count":5,"href":"https:\/\/wp9.abecedapc.com\/index.php?rest_route=\/wp\/v2\/pages\/45\/revisions"}],"predecessor-version":[{"id":71,"href":"https:\/\/wp9.abecedapc.com\/index.php?rest_route=\/wp\/v2\/pages\/45\/revisions\/71"}],"wp:attachment":[{"href":"https:\/\/wp9.abecedapc.com\/index.php?rest_route=%2Fwp%2Fv2%2Fmedia&parent=45"}],"curies":[{"name":"wp","href":"https:\/\/api.w.org\/{rel}","templated":true}]}}